{"id":297,"date":"2025-03-17T09:09:07","date_gmt":"2025-03-17T08:09:07","guid":{"rendered":"https:\/\/www.d-eye.cz\/domains\/d-eye.cz\/?page_id=297"},"modified":"2025-03-17T11:30:30","modified_gmt":"2025-03-17T10:30:30","slug":"nabidka-sluzeb","status":"publish","type":"page","link":"https:\/\/www.d-eye.cz\/domains\/d-eye.cz\/nabidka-sluzeb\/","title":{"rendered":"Nab\u00eddka slu\u017eeb"},"content":{"rendered":"\n<p>Pro na\u0161e klienty nab\u00edz\u00edme slu\u017eby t\u00fdkaj\u00edc\u00ed se spr\u00e1vy dat a jejich bezpe\u010dnosti, kter\u00e9 zaji\u0161\u0165uj\u00ed na\u0161i pracovn\u00edci s mnohaletou zku\u0161enost\u00ed a certifikac\u00ed :<\/p>\n\n\n\n<div class=\"wp-block-blockspare-blockspare-list aligncenter blockspare-5d3ebf0c-e61f-4 blockspare-block-iconlist-wrap\" blockspare-animation=\"\"><style>.blockspare-5d3ebf0c-e61f-4 .blockspare-list-wrap{border-radius:0px;margin-top:30px;margin-bottom:30px;padding-top:0px;padding-right:0px;padding-bottom:0px;padding-left:0px}.blockspare-5d3ebf0c-e61f-4 .blockspare-list-wrap .listDescription li{color:#404040;text-align:left;font-size:16px}.blockspare-5d3ebf0c-e61f-4 .blockspare-list-wrap .listDescription li:before{color:#404040}.blockspare-5d3ebf0c-e61f-4 .listDescription li:before{font-size:14px}@media screen and (max-width:1025px){.blockspare-5d3ebf0c-e61f-4 .blockspare-list-wrap .listDescription li{font-size:14px}.blockspare-5d3ebf0c-e61f-4 .listDescription li:before{font-size:14px}}@media screen and (max-width:768px){.blockspare-5d3ebf0c-e61f-4 .blockspare-list-wrap .listDescription li{font-size:14px}.blockspare-5d3ebf0c-e61f-4 .listDescription li:before{font-size:14px}}<\/style><div class=\"blockspare-blocks blockspare-list-wrap blockspare-hover-item\"><ul class=\"blockspare-list-check listDescription\">\n<li><a href=\"https:\/\/www.d-eye.cz\/domains\/d-eye.cz\/kyberneticka-a-informacni-bezpecnost\/\" data-type=\"page\" data-id=\"147\">Kybernetick\u00e1 bezpe\u010dnost<\/a><\/li>\n\n\n\n<li><a href=\"https:\/\/www.d-eye.cz\/domains\/d-eye.cz\/ochrana-osobnich-udaju\/\" data-type=\"page\" data-id=\"329\">Ochrana osobn\u00edch \u00fadaj\u016f<\/a><\/li>\n\n\n\n<li><a href=\"https:\/\/www.d-eye.cz\/domains\/d-eye.cz\/datovy-management-a-data-governance\/\" data-type=\"page\" data-id=\"312\">Data Management a Data Governance<\/a><\/li>\n<\/ul><\/div><\/div>\n","protected":false},"excerpt":{"rendered":"<p>Pro na\u0161e klienty nab\u00edz\u00edme slu\u017eby t\u00fdkaj\u00edc\u00ed se spr\u00e1vy dat a jejich bezpe\u010dnosti, kter\u00e9 zaji\u0161\u0165uj\u00ed na\u0161i pracovn\u00edci s mnohaletou zku\u0161enost\u00ed a certifikac\u00ed :<\/p>\n","protected":false},"author":2,"featured_media":0,"parent":0,"menu_order":0,"comment_status":"closed","ping_status":"closed","template":"","meta":{"footnotes":""},"class_list":["post-297","page","type-page","status-publish","hentry"],"_links":{"self":[{"href":"https:\/\/www.d-eye.cz\/domains\/d-eye.cz\/wp-json\/wp\/v2\/pages\/297","targetHints":{"allow":["GET"]}}],"collection":[{"href":"https:\/\/www.d-eye.cz\/domains\/d-eye.cz\/wp-json\/wp\/v2\/pages"}],"about":[{"href":"https:\/\/www.d-eye.cz\/domains\/d-eye.cz\/wp-json\/wp\/v2\/types\/page"}],"author":[{"embeddable":true,"href":"https:\/\/www.d-eye.cz\/domains\/d-eye.cz\/wp-json\/wp\/v2\/users\/2"}],"replies":[{"embeddable":true,"href":"https:\/\/www.d-eye.cz\/domains\/d-eye.cz\/wp-json\/wp\/v2\/comments?post=297"}],"version-history":[{"count":9,"href":"https:\/\/www.d-eye.cz\/domains\/d-eye.cz\/wp-json\/wp\/v2\/pages\/297\/revisions"}],"predecessor-version":[{"id":366,"href":"https:\/\/www.d-eye.cz\/domains\/d-eye.cz\/wp-json\/wp\/v2\/pages\/297\/revisions\/366"}],"wp:attachment":[{"href":"https:\/\/www.d-eye.cz\/domains\/d-eye.cz\/wp-json\/wp\/v2\/media?parent=297"}],"curies":[{"name":"wp","href":"https:\/\/api.w.org\/{rel}","templated":true}]}}